{"id":83,"date":"2020-07-24T12:18:49","date_gmt":"2020-07-24T12:18:49","guid":{"rendered":"https:\/\/angelasilvestre.com\/?page_id=83"},"modified":"2022-09-26T19:09:48","modified_gmt":"2022-09-26T19:09:48","slug":"about","status":"publish","type":"page","link":"https:\/\/angelasilvestre.com\/en\/about\/","title":{"rendered":"about me"},"content":{"rendered":"<div id=\"fws_69e0f10122f8c\"  data-column-margin=\"default\" data-midnight=\"dark\"  class=\"wpb_row vc_row-fluid vc_row standard_section\"  style=\"padding-top: 0px; padding-bottom: 0px; \"><div class=\"row-bg-wrap\" data-bg-animation=\"none\" data-bg-overlay=\"false\"><div class=\"inner-wrap\"><div class=\"row-bg\"  style=\"\"><\/div><\/div><div class=\"row-bg-overlay\" ><\/div><\/div><div class=\"row_col_wrap_12 col span_12 dark left\">\n\t<div  class=\"vc_col-sm-6 about1-collage wpb_column column_container vc_column_container col no-extra-padding inherit_tablet inherit_phone\"  data-t-w-inherits=\"default\" data-bg-cover=\"\" data-padding-pos=\"all\" data-has-bg-color=\"false\" data-bg-color=\"\" data-bg-opacity=\"1\" data-hover-bg=\"\" data-hover-bg-opacity=\"1\" data-animation=\"\" data-delay=\"0\" >\n\t\t<div class=\"vc_column-inner\" ><div class=\"column-bg-overlay-wrap\" data-bg-animation=\"none\"><div class=\"column-bg-overlay\"><\/div><\/div>\n\t\t\t<div class=\"wpb_wrapper\">\n\t\t\t\t<div class=\"nectar_cascading_images\" data-border-radius=\"none\" data-parallax=\"\" data-parallax-intensity=\"subtle\" data-animation-timing=\"175\"><div class=\"cascading-image\" data-has-img=\"true\" style=\" padding:19%;\" data-max-width=\"100%\" data-max-width-mobile=\"100%\" data-animation=\"fade-in\" data-shadow=\"none\"><div class=\"inner-wrap\"><div class=\"bg-layer\" data-scale=\"1\" style=\"transform: scale(1)\"><div style=\" -webkit-transform:translateX(-30%) translateY(-10%) ; -ms-transform:translateX(-30%) translateY(-10%) ; transform:translateX(-30%) translateY(-10%) ;\" class=\"img-wrap\"> <img decoding=\"async\" src=\"https:\/\/angelasilvestre.com\/wp-content\/uploads\/2021\/06\/angela_silvestre2.jpg\" srcset=\"https:\/\/angelasilvestre.com\/wp-content\/uploads\/2021\/06\/angela_silvestre2.jpg 1000w, https:\/\/angelasilvestre.com\/wp-content\/uploads\/2021\/06\/angela_silvestre2-240x300.jpg 240w, https:\/\/angelasilvestre.com\/wp-content\/uploads\/2021\/06\/angela_silvestre2-819x1024.jpg 819w, https:\/\/angelasilvestre.com\/wp-content\/uploads\/2021\/06\/angela_silvestre2-768x960.jpg 768w, https:\/\/angelasilvestre.com\/wp-content\/uploads\/2021\/06\/angela_silvestre2-10x12.jpg 10w\" sizes=\"(min-width: 1000px) 55vw, 100vw\" class=\"skip-lazy\" alt=\"\" \/> <\/div><\/div><\/div><\/div><div class=\"cascading-image\" data-has-img=\"true\" style=\" padding:19%;\" data-max-width=\"100%\" data-max-width-mobile=\"100%\" data-animation=\"fade-in\" data-shadow=\"none\"><div class=\"inner-wrap\"><div class=\"bg-layer\" data-scale=\"1.3\" style=\"transform: scale(1.3)\"><div style=\" -webkit-transform:translateX(-0%) translateY(-15%) ; -ms-transform:translateX(-0%) translateY(-15%) ; transform:translateX(-0%) translateY(-15%) ;\" class=\"img-wrap\"> <img decoding=\"async\" src=\"https:\/\/angelasilvestre.com\/wp-content\/uploads\/2021\/06\/about-square-black.png\" srcset=\"https:\/\/angelasilvestre.com\/wp-content\/uploads\/2021\/06\/about-square-black.png 800w, https:\/\/angelasilvestre.com\/wp-content\/uploads\/2021\/06\/about-square-black-300x225.png 300w, https:\/\/angelasilvestre.com\/wp-content\/uploads\/2021\/06\/about-square-black-768x576.png 768w, https:\/\/angelasilvestre.com\/wp-content\/uploads\/2021\/06\/about-square-black-16x12.png 16w\" sizes=\"(min-width: 1000px) 55vw, 100vw\" class=\"skip-lazy\" alt=\"\" \/> <\/div><\/div><\/div><\/div><\/div>\n\t\t\t<\/div> \n\t\t<\/div>\n\t<\/div> \n\n\t<div  class=\"vc_col-sm-6 about1-pc-text wpb_column column_container vc_column_container col no-extra-padding inherit_tablet inherit_phone\"  data-t-w-inherits=\"default\" data-bg-cover=\"\" data-padding-pos=\"all\" data-has-bg-color=\"false\" data-bg-color=\"\" data-bg-opacity=\"1\" data-hover-bg=\"\" data-hover-bg-opacity=\"1\" data-animation=\"\" data-delay=\"0\" >\n\t\t<div class=\"vc_column-inner\" ><div class=\"column-bg-overlay-wrap\" data-bg-animation=\"none\"><div class=\"column-bg-overlay\"><\/div><\/div>\n\t\t\t<div class=\"wpb_wrapper\">\n\t\t\t\t<div class=\"nectar-highlighted-text\" data-style=\"full_text\" data-user-color=\"true\" style=\"color: #222222;\" data-using-custom-color=\"true\" data-animation-delay=\"false\" data-color=\"#222222\" data-color-gradient=\"\">\n<h2>Hello!<\/h2>\n<h2>Mi name is <em style=\"color: #ffffff; line-height: 45px;\"><strong>\u00a0Angela Silvestre\u00a0<\/strong><\/em><\/h2>\n<h2>Soy dise\u00f1adora de productos digitales.<\/h2>\n<\/div>\r\n<div class=\"wpb_text_column wpb_content_element\" >\r\n\t<div class=\"wpb_wrapper\">\r\n\t\t<p>I studied Product Design Engineering, but I ended up specializing in graphic and web design. Now I design digital products for different brands, especially web pages and graphic content.<\/p>\n<p class=\"p1 translation-block\"><span class=\"s1\">I\u2019m a  <strong>creative<\/strong> person, my job is to discover the client\u2019s needs and <strong>design the best solutions<\/strong> that meet all the objectives. <\/span><span class=\"s1\">I am always evolving, learning new tools and getting inspiration from everything around me\nto continue <strong>creating different and unique things.<\/strong>.<\/span><\/p>\n<p>When I\u2019m not designing you can find me reading, practicing yoga or in the mountains!<\/p>\n<p><strong>Would you be interested in collaborating with me?<\/strong><\/p>\n\t<\/div>\r\n<\/div>\r\n\r\n\r\n\r\n<a class=\"nectar-button large see-through-2\"  style=\"border-color: #222222; color: #222222;\"  href=\"https:\/\/angelasilvestre.com\/en\/contact\/\" data-color-override=\"#222222\"  data-hover-color-override=\"#222222\" data-hover-text-color-override=\"#ffffff\"><span>Let's talk!<\/span><\/a><div id=\"fws_69e0f101252e9\" data-midnight=\"\" data-column-margin=\"default\" class=\"wpb_row vc_row-fluid vc_row inner_row standard_section\"  style=\"padding-top: 0px; padding-bottom: 0px; \"><div class=\"row-bg-wrap\"> <div class=\"row-bg\" ><\/div> <\/div><div class=\"row_col_wrap_12_inner col span_12  left\">\n\t<div  class=\"vc_col-sm-4 vc_col-xs-4 wpb_column column_container vc_column_container col child_column no-extra-padding inherit_tablet inherit_phone\"   data-t-w-inherits=\"default\" data-bg-cover=\"\" data-padding-pos=\"all\" data-has-bg-color=\"false\" data-bg-color=\"\" data-bg-opacity=\"1\" data-hover-bg=\"\" data-hover-bg-opacity=\"1\" data-animation=\"\" data-delay=\"0\">\n\t\t<div class=\"vc_column-inner\" ><div class=\"column-bg-overlay-wrap\" data-bg-animation=\"none\"><div class=\"column-bg-overlay\"><\/div><\/div>\n\t\t<div class=\"wpb_wrapper\">\n\t\t\t<div class=\"nectar_icon_wrap\" data-style=\"default\" data-draw=\"\" data-border-thickness=\"2px\" data-padding=\"20px\" data-color=\"grey\" style=\"\" >\r\n\t\t<div class=\"nectar_icon\" ><a href=\"https:\/\/www.linkedin.com\/public-profile\/in\/angela-silvestre-ca\/\" target=\"_blank\"><\/a><i style=\"font-size: 35px; line-height: 35px; height: 35px; width: 35px;\" class=\"fa fa-linkedin\"><\/i><\/div>\r\n\t<\/div>\n\t\t<\/div> \n\t<\/div>\n\t<\/div> \n\n\t<div  class=\"vc_col-sm-4 vc_col-xs-4 wpb_column column_container vc_column_container col child_column no-extra-padding inherit_tablet inherit_phone\"   data-t-w-inherits=\"default\" data-bg-cover=\"\" data-padding-pos=\"all\" data-has-bg-color=\"false\" data-bg-color=\"\" data-bg-opacity=\"1\" data-hover-bg=\"\" data-hover-bg-opacity=\"1\" data-animation=\"\" data-delay=\"0\">\n\t\t<div class=\"vc_column-inner\" ><div class=\"column-bg-overlay-wrap\" data-bg-animation=\"none\"><div class=\"column-bg-overlay\"><\/div><\/div>\n\t\t<div class=\"wpb_wrapper\">\n\t\t\t<div class=\"nectar_icon_wrap\" data-style=\"default\" data-draw=\"\" data-border-thickness=\"2px\" data-padding=\"20px\" data-color=\"grey\" style=\"\" >\r\n\t\t<div class=\"nectar_icon\" ><a href=\"https:\/\/www.behance.net\/angela_silvestre\" ><\/a><i style=\"font-size: 35px; line-height: 35px; height: 35px; width: 35px;\" class=\"fa fa-behance\"><\/i><\/div>\r\n\t<\/div>\n\t\t<\/div> \n\t<\/div>\n\t<\/div> \n\n\t<div  class=\"vc_col-sm-4 vc_col-xs-4 wpb_column column_container vc_column_container col child_column no-extra-padding inherit_tablet inherit_phone\"   data-t-w-inherits=\"default\" data-bg-cover=\"\" data-padding-pos=\"all\" data-has-bg-color=\"false\" data-bg-color=\"\" data-bg-opacity=\"1\" data-hover-bg=\"\" data-hover-bg-opacity=\"1\" data-animation=\"\" data-delay=\"0\">\n\t\t<div class=\"vc_column-inner\" ><div class=\"column-bg-overlay-wrap\" data-bg-animation=\"none\"><div class=\"column-bg-overlay\"><\/div><\/div>\n\t\t<div class=\"wpb_wrapper\">\n\t\t\t<div class=\"nectar_icon_wrap\" data-style=\"default\" data-draw=\"\" data-border-thickness=\"2px\" data-padding=\"20px\" data-color=\"grey\" style=\"\" >\r\n\t\t<div class=\"nectar_icon\" ><a href=\"https:\/\/www.instagram.com\/angela.sil.ca\/\" ><\/a><i style=\"font-size: 35px; line-height: 35px; height: 35px; width: 35px;\" class=\"fa fa-instagram\"><\/i><\/div>\r\n\t<\/div>\n\t\t<\/div> \n\t<\/div>\n\t<\/div> \n<\/div><\/div>\n\t\t\t<\/div> \n\t\t<\/div>\n\t<\/div> \n<\/div><\/div>\n\t\t<div id=\"fws_69e0f101270a3\"  data-column-margin=\"default\" data-midnight=\"dark\" data-top-percent=\"2%\" data-bottom-percent=\"2%\"  class=\"wpb_row vc_row-fluid vc_row full-width-section  vc_row-o-equal-height vc_row-flex standard_section about1-boxes top_padding_tablet_3pct top_padding_phone_3pct bottom_padding_tablet_3pct bottom_padding_phone_3pct\"  style=\"padding-top: calc(100vw * 0.02); padding-bottom: calc(100vw * 0.02); \"><div class=\"row-bg-wrap\" data-bg-animation=\"none\" data-bg-overlay=\"false\"><div class=\"inner-wrap\"><div class=\"row-bg\"  style=\"\"><\/div><\/div><div class=\"row-bg-overlay\" ><\/div><\/div><div class=\"row_col_wrap_12 col span_12 dark left\">\n\t<div  class=\"vc_col-sm-4 wpb_column column_container vc_column_container col padding-3-percent top_margin_phone_50px bottom_margin_phone_50px inherit_tablet inherit_phone\"  data-t-w-inherits=\"default\" data-bg-cover=\"\" data-padding-pos=\"all\" data-has-bg-color=\"false\" data-bg-color=\"\" data-bg-opacity=\"1\" data-hover-bg=\"\" data-hover-bg-opacity=\"1\" data-animation=\"\" data-delay=\"0\" >\n\t\t<div class=\"vc_column-inner\" ><div class=\"column-bg-overlay-wrap\" data-bg-animation=\"none\"><div class=\"column-bg-overlay\"><\/div><\/div>\n\t\t\t<div class=\"wpb_wrapper\">\n\t\t\t\t<div class=\"nectar-fancy-box using-img  min_height_tablet_300px min_height_phone_200px\" data-style=\"default\" data-animation=\"\" data-hover-o=\"default\" data-border-radius=\"none\" data-border=\"\" data-box-color-opacity=\"1\" data-delay=\"\" data-alignment=\"left\" data-color=\"extra-color-1\" ><div class=\"box-bg\"  style=\"background-image: url('https:\/\/angelasilvestre.com\/wp-content\/uploads\/2021\/02\/service_graphic-design.jpg'); \"><\/div> <div class=\"inner\" style=\"min-height: 400px\">\n<h3>Graphic design<\/h3>\n<p>&nbsp;<\/p>\n<p>Corporate identity, packaging, advertising design, digital content...<\/div>   <\/div>\n\t\t\t<\/div> \n\t\t<\/div>\n\t<\/div> \n\n\t<div  class=\"vc_col-sm-4 wpb_column column_container vc_column_container col padding-3-percent bottom_margin_phone_50px inherit_tablet inherit_phone\"  data-t-w-inherits=\"default\" data-bg-cover=\"\" data-padding-pos=\"all\" data-has-bg-color=\"false\" data-bg-color=\"\" data-bg-opacity=\"1\" data-hover-bg=\"\" data-hover-bg-opacity=\"1\" data-animation=\"\" data-delay=\"0\" >\n\t\t<div class=\"vc_column-inner\" ><div class=\"column-bg-overlay-wrap\" data-bg-animation=\"none\"><div class=\"column-bg-overlay\"><\/div><\/div>\n\t\t\t<div class=\"wpb_wrapper\">\n\t\t\t\t<div class=\"nectar-fancy-box using-img  min_height_tablet_300px min_height_phone_200px\" data-style=\"default\" data-animation=\"\" data-hover-o=\"default\" data-border-radius=\"none\" data-border=\"\" data-box-color-opacity=\"1\" data-delay=\"\" data-alignment=\"left\" data-color=\"extra-color-1\" ><div class=\"box-bg\"  style=\"background-image: url('https:\/\/angelasilvestre.com\/wp-content\/uploads\/2021\/02\/service_web.jpg'); \"><\/div> <div class=\"inner\" style=\"min-height: 400px\">\n<h3>Web design<\/h3>\n<p>&nbsp;<\/p>\n<p>Responsive website design, WordPress, HTML, CSS, Bootstrap, Woocommerce, newsletter layout...<\/div>   <\/div>\n\t\t\t<\/div> \n\t\t<\/div>\n\t<\/div> \n\n\t<div  class=\"vc_col-sm-4 wpb_column column_container vc_column_container col padding-3-percent inherit_tablet inherit_phone\"  data-t-w-inherits=\"default\" data-bg-cover=\"\" data-padding-pos=\"all\" data-has-bg-color=\"false\" data-bg-color=\"\" data-bg-opacity=\"1\" data-hover-bg=\"\" data-hover-bg-opacity=\"1\" data-animation=\"\" data-delay=\"0\" >\n\t\t<div class=\"vc_column-inner\" ><div class=\"column-bg-overlay-wrap\" data-bg-animation=\"none\"><div class=\"column-bg-overlay\"><\/div><\/div>\n\t\t\t<div class=\"wpb_wrapper\">\n\t\t\t\t<div class=\"nectar-fancy-box using-img  min_height_tablet_300px min_height_phone_200px\" data-style=\"default\" data-animation=\"\" data-hover-o=\"default\" data-border-radius=\"none\" data-border=\"\" data-box-color-opacity=\"1\" data-delay=\"\" data-alignment=\"left\" data-color=\"extra-color-1\" ><div class=\"box-bg\"  style=\"background-image: url('https:\/\/angelasilvestre.com\/wp-content\/uploads\/2021\/02\/service_ux-ui.jpg'); \"><\/div> <div class=\"inner\" style=\"min-height: 400px\">\n<h3>UX\/UI<\/h3>\n<p>&nbsp;<\/p>\n<p>Usability, attractive and visual design...<\/div>   <\/div>\n\t\t\t<\/div> \n\t\t<\/div>\n\t<\/div> \n<\/div><\/div>","protected":false},"excerpt":{"rendered":"\u00a1Hola! Mi nombre es \u00a0\u00c1ngela Silvestre\u00a0 Soy dise\u00f1adora de productos digitales. Me gradu\u00e9 en Ingenier\u00eda en Dise\u00f1o Industrial, pero termin\u00e9 especializ\u00e1ndome en dise\u00f1o gr\u00e1fico y web. Ahora me dedico a...","protected":false},"author":1,"featured_media":0,"parent":0,"menu_order":0,"comment_status":"closed","ping_status":"closed","template":"","meta":{"_monsterinsights_skip_tracking":false,"_monsterinsights_sitenote_active":false,"_monsterinsights_sitenote_note":"","_monsterinsights_sitenote_category":0,"footnotes":""},"class_list":["post-83","page","type-page","status-publish"],"_links":{"self":[{"href":"https:\/\/angelasilvestre.com\/en\/wp-json\/wp\/v2\/pages\/83","targetHints":{"allow":["GET"]}}],"collection":[{"href":"https:\/\/angelasilvestre.com\/en\/wp-json\/wp\/v2\/pages"}],"about":[{"href":"https:\/\/angelasilvestre.com\/en\/wp-json\/wp\/v2\/types\/page"}],"author":[{"embeddable":true,"href":"https:\/\/angelasilvestre.com\/en\/wp-json\/wp\/v2\/users\/1"}],"replies":[{"embeddable":true,"href":"https:\/\/angelasilvestre.com\/en\/wp-json\/wp\/v2\/comments?post=83"}],"version-history":[{"count":85,"href":"https:\/\/angelasilvestre.com\/en\/wp-json\/wp\/v2\/pages\/83\/revisions"}],"predecessor-version":[{"id":920,"href":"https:\/\/angelasilvestre.com\/en\/wp-json\/wp\/v2\/pages\/83\/revisions\/920"}],"wp:attachment":[{"href":"https:\/\/angelasilvestre.com\/en\/wp-json\/wp\/v2\/media?parent=83"}],"curies":[{"name":"wp","href":"https:\/\/api.w.org\/{rel}","templated":true}]}}